{"id":2735,"date":"2022-04-07T15:32:04","date_gmt":"2022-04-07T13:32:04","guid":{"rendered":"https:\/\/www.clotdujay.com\/mentions-legales\/"},"modified":"2024-02-23T16:17:41","modified_gmt":"2024-02-23T15:17:41","slug":"wettelijke-informatie","status":"publish","type":"page","link":"https:\/\/www.clotdujay.com\/nl\/wettelijke-informatie\/","title":{"rendered":"Wettelijke informatie"},"content":{"rendered":"<section id=\"ls-section-block_d19de98b692c12288a75d4d526b4e4c6\" class=\"ls-section  page-one has-m-b m-b-10 has-p-t p-t-10 has-p-b p-b-8\" >\r\n        <div class=\"container container--wide\">\r\n        \n\n<h1 class=\"ls__heading has-text-align-center wp-block-heading\">Wettelijke informatie<\/h1>\n\n\r\n    <\/div>\r\n<\/section>\n\n<section id=\"ls-section-block_36f9f48a288cc3beba547e1bb354fef3\" class=\"ls-section  page-two has-background has-color-3-background-color\" >\r\n        <div class=\"container \">\r\n        \n\n<div class=\"wp-block-columns has-color-white-color has-text-color is-layout-flex wp-container-core-columns-is-layout-9d6595d7 wp-block-columns-is-layout-flex\">\n<div class=\"wp-block-column is-vertically-aligned-center is-layout-flow wp-block-column-is-layout-flow\">\n<h2 class=\"ls-heading wp-block-heading\" id=\"editeur-du-site\"><mark style=\"background-color:rgba(0, 0, 0, 0)\" class=\"has-inline-color has-color-white-color\">SITE EDITOR<\/mark><\/h2>\n\n\n\n<p class=\"ls-paragraph\">Camping Le Clot du Jay<br>Adres : LE CLOT DU JAY, 04250 CLAMENSANE<br>T\u00e9l : +33 (0)4 92 68 35 32<br>E-mail : camping@clotdujay.com<br>SIRET: 49518239600046<br>Intracommunautaire BTW : FR57495182396<br>Verantwoordelijk voor publicatie : Morvezen Nad\u00e8ge &amp; Eric<\/p>\n\n\n\n<h2 class=\"ls-heading wp-block-heading\" id=\"realisation\"><mark style=\"background-color:rgba(0, 0, 0, 0)\" class=\"has-inline-color has-color-white-color\">REALISATIE<\/mark><\/h2>\n\n\n\n<p class=\"ls-paragraph\">GEEK TONIC <br>Repr\u00e9sent\u00e9e par M. Yohan Darmayan en sa qualit\u00e9 de G\u00e9rant<br>Si\u00e8ge social : 1 All\u00e9e Pierre Lat\u00e9co\u00e8re, 64200 Biarritz<br>T\u00e9l : 05 32 74 11 52 <br>E-mail : support@geek-tonic.com <br>Site web : <a href=\"https:\/\/www.geek-tonic.com\" target=\"_blank\" rel=\"noreferrer noopener\">www.geek-tonic.com<\/a> <br>SIRET : 89746755100015 APE : 6201Z<\/p>\n\n\n\n<h2 class=\"ls-heading wp-block-heading\" id=\"droits-d-auteur-et-copyright\"><mark style=\"background-color:rgba(0, 0, 0, 0)\" class=\"has-inline-color has-color-white-color\">AUTEURSRECHT EN AUTEURSCHAP<\/mark><\/h2>\n\n\n\n<p class=\"ls-paragraph\">Het geheel van de inhoud van deze site hangt af van de royalty&#8217;s zoals op het intellectuele eigendom van de Franse wetgeving Elke reproductie (met inbegrip van de foto&#8217;s, de pictogrammen en de downloadbare documenten) is verboden zonder voorafgaande toestemming van GEEKTONIC. De reproductie op een elektronische drager van het geheel of een gedeelte van de site op papier of in elektronische vorm is verboden. GeekTonic wijst elke verantwoordelijkheid voor de inhoud van de website van de hand. Geektonic wijst ook elke verantwoordelijkheid af voor externe links naar deze site.<\/p>\n\n\n\n<h2 class=\"ls-heading wp-block-heading\" id=\"donnees-personnelles-et-informations-nominatives\"><mark style=\"background-color:rgba(0, 0, 0, 0)\" class=\"has-inline-color has-color-white-color\">PERSOONSGEGEVENS EN NOMINATIEVE INFORMATIE<\/mark><\/h2>\n\n\n\n<p class=\"ls-paragraph\">U hebt recht op toegang tot, wijziging, rechtzetting en verwijdering van de gegevens die u betreffen, overeenkomstig artikel 34 van de Franse wet op de bescherming van persoonsgegevens (Loi &#8221; Informatique et Libert\u00e9s &#8221; n\u00b0 78-17 van 6 januari 1978, gewijzigd op 6 augustus 2018). Om dit recht op toegang uit te oefenen, kunt u een schriftelijk verzoek richten aan de redacteur van de site.<\/p>\n\n\n\n<h2 class=\"ls-heading wp-block-heading\" id=\"legislation\"><mark style=\"background-color:rgba(0, 0, 0, 0)\" class=\"has-inline-color has-color-white-color\">WETGEVING<\/mark><\/h2>\n\n\n\n<p class=\"ls-paragraph\">Volgens de wet van 11 maart 1957 (art. 41) en het wetboek van intellectuele eigendom van 1 juli 1992 is het verboden delen van de site, geheel of gedeeltelijk, te reproduceren zonder voorafgaande toestemming van de uitgever van de site. Logo&#8217;s, beeldmateriaal, foto&#8217;s, video&#8217;s, grafische kaarten en teksten zijn eigendom van hun respectieve eigenaars. Deze site kan, zonder dat zij daarvan op de hoogte is, door middel van hypermedia-links met andere sites zijn verbonden. De redacteur van deze site wijst alle verantwoordelijkheid af voor de informatie die op deze andere sites wordt gepresenteerd. De internetgebruiker erkent dat het gebruik van deze site valt onder het Franse recht.<\/p>\n<\/div>\n<\/div>\n\n\r\n    <\/div>\r\n<\/section>","protected":false},"excerpt":{"rendered":"","protected":false},"author":1,"featured_media":1390,"parent":0,"menu_order":0,"comment_status":"closed","ping_status":"closed","template":"","meta":{"_acf_changed":false,"footnotes":""},"sujet":[],"class_list":["post-2735","page","type-page","status-publish","has-post-thumbnail","hentry"],"acf":[],"yoast_head":"<!-- This site is optimized with the Yoast SEO plugin v25.3 - https:\/\/yoast.com\/wordpress\/plugins\/seo\/ -->\n<title>Wettelijke informatie | Kamperen Clot du Jay<\/title>\n<meta name=\"robots\" content=\"index, follow, max-snippet:-1, max-image-preview:large, max-video-preview:-1\" \/>\n<link rel=\"canonical\" href=\"https:\/\/www.clotdujay.com\/nl\/wettelijke-informatie\/\" \/>\n<meta property=\"og:locale\" content=\"nl_NL\" \/>\n<meta property=\"og:type\" content=\"article\" \/>\n<meta property=\"og:title\" content=\"Wettelijke informatie | Kamperen Clot du Jay\" \/>\n<meta property=\"og:url\" content=\"https:\/\/www.clotdujay.com\/nl\/wettelijke-informatie\/\" \/>\n<meta property=\"og:site_name\" content=\"Camping Le Clot du Jay\" \/>\n<meta property=\"article:modified_time\" content=\"2024-02-23T15:17:41+00:00\" \/>\n<meta property=\"og:image\" content=\"https:\/\/www.clotdujay.com\/wp-content\/uploads\/2022\/03\/camping-groupe-detente-massif-des-monges.jpg\" \/>\n\t<meta property=\"og:image:width\" content=\"1901\" \/>\n\t<meta property=\"og:image:height\" content=\"650\" \/>\n\t<meta property=\"og:image:type\" content=\"image\/jpeg\" \/>\n<meta name=\"twitter:card\" content=\"summary_large_image\" \/>\n<meta name=\"twitter:label1\" content=\"Geschatte leestijd\" \/>\n\t<meta name=\"twitter:data1\" content=\"2 minuten\" \/>\n<script type=\"application\/ld+json\" class=\"yoast-schema-graph\">{\"@context\":\"https:\/\/schema.org\",\"@graph\":[{\"@type\":\"WebPage\",\"@id\":\"https:\/\/www.clotdujay.com\/nl\/wettelijke-informatie\/\",\"url\":\"https:\/\/www.clotdujay.com\/nl\/wettelijke-informatie\/\",\"name\":\"Wettelijke informatie | Kamperen Clot du Jay\",\"isPartOf\":{\"@id\":\"https:\/\/www.clotdujay.com\/#website\"},\"primaryImageOfPage\":{\"@id\":\"https:\/\/www.clotdujay.com\/nl\/wettelijke-informatie\/#primaryimage\"},\"image\":{\"@id\":\"https:\/\/www.clotdujay.com\/nl\/wettelijke-informatie\/#primaryimage\"},\"thumbnailUrl\":\"https:\/\/www.clotdujay.com\/wp-content\/uploads\/2022\/03\/camping-groupe-detente-massif-des-monges.jpg\",\"datePublished\":\"2022-04-07T13:32:04+00:00\",\"dateModified\":\"2024-02-23T15:17:41+00:00\",\"breadcrumb\":{\"@id\":\"https:\/\/www.clotdujay.com\/nl\/wettelijke-informatie\/#breadcrumb\"},\"inLanguage\":\"nl-NL\",\"potentialAction\":[{\"@type\":\"ReadAction\",\"target\":[\"https:\/\/www.clotdujay.com\/nl\/wettelijke-informatie\/\"]}]},{\"@type\":\"ImageObject\",\"inLanguage\":\"nl-NL\",\"@id\":\"https:\/\/www.clotdujay.com\/nl\/wettelijke-informatie\/#primaryimage\",\"url\":\"https:\/\/www.clotdujay.com\/wp-content\/uploads\/2022\/03\/camping-groupe-detente-massif-des-monges.jpg\",\"contentUrl\":\"https:\/\/www.clotdujay.com\/wp-content\/uploads\/2022\/03\/camping-groupe-detente-massif-des-monges.jpg\",\"width\":1901,\"height\":650,\"caption\":\"camping groupe detente massif des monges\"},{\"@type\":\"BreadcrumbList\",\"@id\":\"https:\/\/www.clotdujay.com\/nl\/wettelijke-informatie\/#breadcrumb\",\"itemListElement\":[{\"@type\":\"ListItem\",\"position\":1,\"name\":\"Camping \u00e0 Sisteron\",\"item\":\"https:\/\/www.clotdujay.com\/nl\/\"},{\"@type\":\"ListItem\",\"position\":2,\"name\":\"Wettelijke informatie\"}]},{\"@type\":\"WebSite\",\"@id\":\"https:\/\/www.clotdujay.com\/#website\",\"url\":\"https:\/\/www.clotdujay.com\/\",\"name\":\"Camping Le Clot du Jay\",\"description\":\"\",\"publisher\":{\"@id\":\"https:\/\/www.clotdujay.com\/#organization\"},\"potentialAction\":[{\"@type\":\"SearchAction\",\"target\":{\"@type\":\"EntryPoint\",\"urlTemplate\":\"https:\/\/www.clotdujay.com\/?s={search_term_string}\"},\"query-input\":{\"@type\":\"PropertyValueSpecification\",\"valueRequired\":true,\"valueName\":\"search_term_string\"}}],\"inLanguage\":\"nl-NL\"},{\"@type\":\"Organization\",\"@id\":\"https:\/\/www.clotdujay.com\/#organization\",\"name\":\"Camping Le Clot du Jay\",\"url\":\"https:\/\/www.clotdujay.com\/\",\"logo\":{\"@type\":\"ImageObject\",\"inLanguage\":\"nl-NL\",\"@id\":\"https:\/\/www.clotdujay.com\/#\/schema\/logo\/image\/\",\"url\":\"https:\/\/www.clotdujay.com\/wp-content\/uploads\/2022\/03\/camping-clot-du-jay-logo2.png\",\"contentUrl\":\"https:\/\/www.clotdujay.com\/wp-content\/uploads\/2022\/03\/camping-clot-du-jay-logo2.png\",\"width\":521,\"height\":521,\"caption\":\"Camping Le Clot du Jay\"},\"image\":{\"@id\":\"https:\/\/www.clotdujay.com\/#\/schema\/logo\/image\/\"}}]}<\/script>\n<!-- \/ Yoast SEO plugin. -->","yoast_head_json":{"title":"Wettelijke informatie | Kamperen Clot du Jay","robots":{"index":"index","follow":"follow","max-snippet":"max-snippet:-1","max-image-preview":"max-image-preview:large","max-video-preview":"max-video-preview:-1"},"canonical":"https:\/\/www.clotdujay.com\/nl\/wettelijke-informatie\/","og_locale":"nl_NL","og_type":"article","og_title":"Wettelijke informatie | Kamperen Clot du Jay","og_url":"https:\/\/www.clotdujay.com\/nl\/wettelijke-informatie\/","og_site_name":"Camping Le Clot du Jay","article_modified_time":"2024-02-23T15:17:41+00:00","og_image":[{"width":1901,"height":650,"url":"https:\/\/www.clotdujay.com\/wp-content\/uploads\/2022\/03\/camping-groupe-detente-massif-des-monges.jpg","type":"image\/jpeg"}],"twitter_card":"summary_large_image","twitter_misc":{"Geschatte leestijd":"2 minuten"},"schema":{"@context":"https:\/\/schema.org","@graph":[{"@type":"WebPage","@id":"https:\/\/www.clotdujay.com\/nl\/wettelijke-informatie\/","url":"https:\/\/www.clotdujay.com\/nl\/wettelijke-informatie\/","name":"Wettelijke informatie | Kamperen Clot du Jay","isPartOf":{"@id":"https:\/\/www.clotdujay.com\/#website"},"primaryImageOfPage":{"@id":"https:\/\/www.clotdujay.com\/nl\/wettelijke-informatie\/#primaryimage"},"image":{"@id":"https:\/\/www.clotdujay.com\/nl\/wettelijke-informatie\/#primaryimage"},"thumbnailUrl":"https:\/\/www.clotdujay.com\/wp-content\/uploads\/2022\/03\/camping-groupe-detente-massif-des-monges.jpg","datePublished":"2022-04-07T13:32:04+00:00","dateModified":"2024-02-23T15:17:41+00:00","breadcrumb":{"@id":"https:\/\/www.clotdujay.com\/nl\/wettelijke-informatie\/#breadcrumb"},"inLanguage":"nl-NL","potentialAction":[{"@type":"ReadAction","target":["https:\/\/www.clotdujay.com\/nl\/wettelijke-informatie\/"]}]},{"@type":"ImageObject","inLanguage":"nl-NL","@id":"https:\/\/www.clotdujay.com\/nl\/wettelijke-informatie\/#primaryimage","url":"https:\/\/www.clotdujay.com\/wp-content\/uploads\/2022\/03\/camping-groupe-detente-massif-des-monges.jpg","contentUrl":"https:\/\/www.clotdujay.com\/wp-content\/uploads\/2022\/03\/camping-groupe-detente-massif-des-monges.jpg","width":1901,"height":650,"caption":"camping groupe detente massif des monges"},{"@type":"BreadcrumbList","@id":"https:\/\/www.clotdujay.com\/nl\/wettelijke-informatie\/#breadcrumb","itemListElement":[{"@type":"ListItem","position":1,"name":"Camping \u00e0 Sisteron","item":"https:\/\/www.clotdujay.com\/nl\/"},{"@type":"ListItem","position":2,"name":"Wettelijke informatie"}]},{"@type":"WebSite","@id":"https:\/\/www.clotdujay.com\/#website","url":"https:\/\/www.clotdujay.com\/","name":"Camping Le Clot du Jay","description":"","publisher":{"@id":"https:\/\/www.clotdujay.com\/#organization"},"potentialAction":[{"@type":"SearchAction","target":{"@type":"EntryPoint","urlTemplate":"https:\/\/www.clotdujay.com\/?s={search_term_string}"},"query-input":{"@type":"PropertyValueSpecification","valueRequired":true,"valueName":"search_term_string"}}],"inLanguage":"nl-NL"},{"@type":"Organization","@id":"https:\/\/www.clotdujay.com\/#organization","name":"Camping Le Clot du Jay","url":"https:\/\/www.clotdujay.com\/","logo":{"@type":"ImageObject","inLanguage":"nl-NL","@id":"https:\/\/www.clotdujay.com\/#\/schema\/logo\/image\/","url":"https:\/\/www.clotdujay.com\/wp-content\/uploads\/2022\/03\/camping-clot-du-jay-logo2.png","contentUrl":"https:\/\/www.clotdujay.com\/wp-content\/uploads\/2022\/03\/camping-clot-du-jay-logo2.png","width":521,"height":521,"caption":"Camping Le Clot du Jay"},"image":{"@id":"https:\/\/www.clotdujay.com\/#\/schema\/logo\/image\/"}}]}},"_links":{"self":[{"href":"https:\/\/www.clotdujay.com\/nl\/wp-json\/wp\/v2\/pages\/2735","targetHints":{"allow":["GET"]}}],"collection":[{"href":"https:\/\/www.clotdujay.com\/nl\/wp-json\/wp\/v2\/pages"}],"about":[{"href":"https:\/\/www.clotdujay.com\/nl\/wp-json\/wp\/v2\/types\/page"}],"author":[{"embeddable":true,"href":"https:\/\/www.clotdujay.com\/nl\/wp-json\/wp\/v2\/users\/1"}],"replies":[{"embeddable":true,"href":"https:\/\/www.clotdujay.com\/nl\/wp-json\/wp\/v2\/comments?post=2735"}],"version-history":[{"count":5,"href":"https:\/\/www.clotdujay.com\/nl\/wp-json\/wp\/v2\/pages\/2735\/revisions"}],"predecessor-version":[{"id":3206,"href":"https:\/\/www.clotdujay.com\/nl\/wp-json\/wp\/v2\/pages\/2735\/revisions\/3206"}],"wp:featuredmedia":[{"embeddable":true,"href":"https:\/\/www.clotdujay.com\/nl\/wp-json\/wp\/v2\/media\/1390"}],"wp:attachment":[{"href":"https:\/\/www.clotdujay.com\/nl\/wp-json\/wp\/v2\/media?parent=2735"}],"wp:term":[{"taxonomy":"sujet","embeddable":true,"href":"https:\/\/www.clotdujay.com\/nl\/wp-json\/wp\/v2\/sujet?post=2735"}],"curies":[{"name":"wp","href":"https:\/\/api.w.org\/{rel}","templated":true}]}}