{"id":2811,"date":"2022-04-07T15:32:04","date_gmt":"2022-04-07T13:32:04","guid":{"rendered":"https:\/\/www.clotdujay.com\/mentions-legales\/"},"modified":"2024-02-23T16:17:54","modified_gmt":"2024-02-23T15:17:54","slug":"legal-information","status":"publish","type":"page","link":"https:\/\/www.clotdujay.com\/en\/legal-information\/","title":{"rendered":"Legal information"},"content":{"rendered":"<section id=\"ls-section-block_28dc3a587ae724acb951bdeba06bcda8\" class=\"ls-section  page-one has-m-b m-b-10 has-p-t p-t-10 has-p-b p-b-8\" >\r\n        <div class=\"container container--wide\">\r\n        \n\n<h1 class=\"ls__heading has-text-align-center wp-block-heading\">Legal information<\/h1>\n\n\r\n    <\/div>\r\n<\/section>\n\n<section id=\"ls-section-block_f4712963252da34b4fe43509683cc7dc\" class=\"ls-section  page-two has-background has-color-3-background-color\" >\r\n        <div class=\"container \">\r\n        \n\n<div class=\"wp-block-columns has-color-white-color has-text-color is-layout-flex wp-container-core-columns-is-layout-9d6595d7 wp-block-columns-is-layout-flex\">\n<div class=\"wp-block-column is-vertically-aligned-center is-layout-flow wp-block-column-is-layout-flow\">\n<h2 class=\"ls-heading wp-block-heading\" id=\"editeur-du-site\"><mark style=\"background-color:rgba(0, 0, 0, 0)\" class=\"has-inline-color has-color-white-color\">SITE EDITOR<\/mark><\/h2>\n\n\n\n<p class=\"ls-paragraph\">Camping Le Clot du Jay<br>Address : LE CLOT DU JAY, 04250 CLAMENSANE<br>T\u00e9l : +33 (0)4 92 68 35 32<br>E-mail : camping@clotdujay.com<br>SIRET: 49518239600046<br>Intracommunity VAT : FR57495182396<br>Responsible for publication : Morvezen Nad\u00e8ge &amp; Eric<\/p>\n\n\n\n<h2 class=\"ls-heading wp-block-heading\" id=\"realisation\"><mark style=\"background-color:rgba(0, 0, 0, 0)\" class=\"has-inline-color has-color-white-color\">REALIZATION<\/mark><\/h2>\n\n\n\n<p class=\"ls-paragraph\">GEEK TONIC <br>Repr\u00e9sent\u00e9e par M. Yohan Darmayan en sa qualit\u00e9 de G\u00e9rant<br>Si\u00e8ge social : 1 All\u00e9e Pierre Lat\u00e9co\u00e8re, 64200 Biarritz<br>T\u00e9l : 05 32 74 11 52 <br>E-mail : support@geek-tonic.com <br>Site web : <a href=\"https:\/\/www.geek-tonic.com\" target=\"_blank\" rel=\"noreferrer noopener\">www.geek-tonic.com<\/a> <br>SIRET : 89746755100015 APE : 6201Z<\/p>\n\n\n\n<h2 class=\"ls-heading wp-block-heading\" id=\"droits-d-auteur-et-copyright\"><mark style=\"background-color:rgba(0, 0, 0, 0)\" class=\"has-inline-color has-color-white-color\">COPYRIGHT AND AUTHORSHIP<\/mark><\/h2>\n\n\n\n<p class=\"ls-paragraph\">The whole of the contents of this site depends on the royalty like on the intellectual property of the French legislation Any reproduction (including the photographs, the icons and the downloadable documents) is prohibited without preliminary agreement of GEEKTONIC. The reproduction on an electronic medium of all or part of the site on a paper or electronic format is prohibited. GeekTonic disclaims any responsibility for the content on the website. Geektonic also declines any responsibility as for the external links pointing towards the present site.<\/p>\n\n\n\n<h2 class=\"ls-heading wp-block-heading\" id=\"donnees-personnelles-et-informations-nominatives\"><mark style=\"background-color:rgba(0, 0, 0, 0)\" class=\"has-inline-color has-color-white-color\">PERSONAL DATA AND NOMINATIVE INFORMATION<\/mark><\/h2>\n\n\n\n<p class=\"ls-paragraph\">You have the right to access, modify, rectify and delete data concerning you in accordance with Article 34 of the French Data Protection Act (Loi &#8221; Informatique et Libert\u00e9s &#8221; n\u00b0 78-17 of 6 January 1978, modified on 6 August 2018). To exercise this right of access, you can make a written request to the site editor.<\/p>\n\n\n\n<h2 class=\"ls-heading wp-block-heading\" id=\"legislation\"><mark style=\"background-color:rgba(0, 0, 0, 0)\" class=\"has-inline-color has-color-white-color\">LEGISLATION<\/mark><\/h2>\n\n\n\n<p class=\"ls-paragraph\">According to the law of March 11, 1957 (art. 41) and the code of intellectual property of July 1, 1992, it is forbidden to reproduce partially or totally any part of the site without prior authorization of the site editor. The logos, visuals, photos, videos, graphic charts, texts are the property of their respective holders. This site may, without its knowledge, have been linked to other sites through hypermedia links. The editor of the site declines any responsibility for the information presented on these other sites. The Internet user recognizes that the use of this site is governed by French law.<\/p>\n<\/div>\n<\/div>\n\n\r\n    <\/div>\r\n<\/section>","protected":false},"excerpt":{"rendered":"","protected":false},"author":1,"featured_media":1391,"parent":0,"menu_order":0,"comment_status":"closed","ping_status":"closed","template":"","meta":{"_acf_changed":false,"footnotes":""},"sujet":[],"class_list":["post-2811","page","type-page","status-publish","has-post-thumbnail","hentry"],"acf":[],"yoast_head":"<!-- This site is optimized with the Yoast SEO plugin v25.3 - https:\/\/yoast.com\/wordpress\/plugins\/seo\/ -->\n<title>Legal information | Campsite le Clot du Jay<\/title>\n<meta name=\"robots\" content=\"index, follow, max-snippet:-1, max-image-preview:large, max-video-preview:-1\" \/>\n<link rel=\"canonical\" href=\"https:\/\/www.clotdujay.com\/en\/legal-information\/\" \/>\n<meta property=\"og:locale\" content=\"en_US\" \/>\n<meta property=\"og:type\" content=\"article\" \/>\n<meta property=\"og:title\" content=\"Legal information | Campsite le Clot du Jay\" \/>\n<meta property=\"og:url\" content=\"https:\/\/www.clotdujay.com\/en\/legal-information\/\" \/>\n<meta property=\"og:site_name\" content=\"Camping Le Clot du Jay\" \/>\n<meta property=\"article:modified_time\" content=\"2024-02-23T15:17:54+00:00\" \/>\n<meta property=\"og:image\" content=\"https:\/\/www.clotdujay.com\/wp-content\/uploads\/2022\/03\/camping-groupe-detente-massif-des-monges.jpg\" \/>\n\t<meta property=\"og:image:width\" content=\"1901\" \/>\n\t<meta property=\"og:image:height\" content=\"650\" \/>\n\t<meta property=\"og:image:type\" content=\"image\/jpeg\" \/>\n<meta name=\"twitter:card\" content=\"summary_large_image\" \/>\n<meta name=\"twitter:label1\" content=\"Est. reading time\" \/>\n\t<meta name=\"twitter:data1\" content=\"2 minutes\" \/>\n<script type=\"application\/ld+json\" class=\"yoast-schema-graph\">{\"@context\":\"https:\/\/schema.org\",\"@graph\":[{\"@type\":\"WebPage\",\"@id\":\"https:\/\/www.clotdujay.com\/en\/legal-information\/\",\"url\":\"https:\/\/www.clotdujay.com\/en\/legal-information\/\",\"name\":\"Legal information | Campsite le Clot du Jay\",\"isPartOf\":{\"@id\":\"https:\/\/www.clotdujay.com\/#website\"},\"primaryImageOfPage\":{\"@id\":\"https:\/\/www.clotdujay.com\/en\/legal-information\/#primaryimage\"},\"image\":{\"@id\":\"https:\/\/www.clotdujay.com\/en\/legal-information\/#primaryimage\"},\"thumbnailUrl\":\"https:\/\/www.clotdujay.com\/wp-content\/uploads\/2022\/03\/camping-groupe-detente-massif-des-monges.jpg\",\"datePublished\":\"2022-04-07T13:32:04+00:00\",\"dateModified\":\"2024-02-23T15:17:54+00:00\",\"breadcrumb\":{\"@id\":\"https:\/\/www.clotdujay.com\/en\/legal-information\/#breadcrumb\"},\"inLanguage\":\"en-US\",\"potentialAction\":[{\"@type\":\"ReadAction\",\"target\":[\"https:\/\/www.clotdujay.com\/en\/legal-information\/\"]}]},{\"@type\":\"ImageObject\",\"inLanguage\":\"en-US\",\"@id\":\"https:\/\/www.clotdujay.com\/en\/legal-information\/#primaryimage\",\"url\":\"https:\/\/www.clotdujay.com\/wp-content\/uploads\/2022\/03\/camping-groupe-detente-massif-des-monges.jpg\",\"contentUrl\":\"https:\/\/www.clotdujay.com\/wp-content\/uploads\/2022\/03\/camping-groupe-detente-massif-des-monges.jpg\",\"width\":1901,\"height\":650,\"caption\":\"camping groupe detente massif des monges\"},{\"@type\":\"BreadcrumbList\",\"@id\":\"https:\/\/www.clotdujay.com\/en\/legal-information\/#breadcrumb\",\"itemListElement\":[{\"@type\":\"ListItem\",\"position\":1,\"name\":\"Camping \u00e0 Sisteron\",\"item\":\"https:\/\/www.clotdujay.com\/en\/\"},{\"@type\":\"ListItem\",\"position\":2,\"name\":\"Legal information\"}]},{\"@type\":\"WebSite\",\"@id\":\"https:\/\/www.clotdujay.com\/#website\",\"url\":\"https:\/\/www.clotdujay.com\/\",\"name\":\"Camping Le Clot du Jay\",\"description\":\"\",\"publisher\":{\"@id\":\"https:\/\/www.clotdujay.com\/#organization\"},\"potentialAction\":[{\"@type\":\"SearchAction\",\"target\":{\"@type\":\"EntryPoint\",\"urlTemplate\":\"https:\/\/www.clotdujay.com\/?s={search_term_string}\"},\"query-input\":{\"@type\":\"PropertyValueSpecification\",\"valueRequired\":true,\"valueName\":\"search_term_string\"}}],\"inLanguage\":\"en-US\"},{\"@type\":\"Organization\",\"@id\":\"https:\/\/www.clotdujay.com\/#organization\",\"name\":\"Camping Le Clot du Jay\",\"url\":\"https:\/\/www.clotdujay.com\/\",\"logo\":{\"@type\":\"ImageObject\",\"inLanguage\":\"en-US\",\"@id\":\"https:\/\/www.clotdujay.com\/#\/schema\/logo\/image\/\",\"url\":\"https:\/\/www.clotdujay.com\/wp-content\/uploads\/2022\/03\/camping-clot-du-jay-logo2.png\",\"contentUrl\":\"https:\/\/www.clotdujay.com\/wp-content\/uploads\/2022\/03\/camping-clot-du-jay-logo2.png\",\"width\":521,\"height\":521,\"caption\":\"Camping Le Clot du Jay\"},\"image\":{\"@id\":\"https:\/\/www.clotdujay.com\/#\/schema\/logo\/image\/\"}}]}<\/script>\n<!-- \/ Yoast SEO plugin. -->","yoast_head_json":{"title":"Legal information | Campsite le Clot du Jay","robots":{"index":"index","follow":"follow","max-snippet":"max-snippet:-1","max-image-preview":"max-image-preview:large","max-video-preview":"max-video-preview:-1"},"canonical":"https:\/\/www.clotdujay.com\/en\/legal-information\/","og_locale":"en_US","og_type":"article","og_title":"Legal information | Campsite le Clot du Jay","og_url":"https:\/\/www.clotdujay.com\/en\/legal-information\/","og_site_name":"Camping Le Clot du Jay","article_modified_time":"2024-02-23T15:17:54+00:00","og_image":[{"width":1901,"height":650,"url":"https:\/\/www.clotdujay.com\/wp-content\/uploads\/2022\/03\/camping-groupe-detente-massif-des-monges.jpg","type":"image\/jpeg"}],"twitter_card":"summary_large_image","twitter_misc":{"Est. reading time":"2 minutes"},"schema":{"@context":"https:\/\/schema.org","@graph":[{"@type":"WebPage","@id":"https:\/\/www.clotdujay.com\/en\/legal-information\/","url":"https:\/\/www.clotdujay.com\/en\/legal-information\/","name":"Legal information | Campsite le Clot du Jay","isPartOf":{"@id":"https:\/\/www.clotdujay.com\/#website"},"primaryImageOfPage":{"@id":"https:\/\/www.clotdujay.com\/en\/legal-information\/#primaryimage"},"image":{"@id":"https:\/\/www.clotdujay.com\/en\/legal-information\/#primaryimage"},"thumbnailUrl":"https:\/\/www.clotdujay.com\/wp-content\/uploads\/2022\/03\/camping-groupe-detente-massif-des-monges.jpg","datePublished":"2022-04-07T13:32:04+00:00","dateModified":"2024-02-23T15:17:54+00:00","breadcrumb":{"@id":"https:\/\/www.clotdujay.com\/en\/legal-information\/#breadcrumb"},"inLanguage":"en-US","potentialAction":[{"@type":"ReadAction","target":["https:\/\/www.clotdujay.com\/en\/legal-information\/"]}]},{"@type":"ImageObject","inLanguage":"en-US","@id":"https:\/\/www.clotdujay.com\/en\/legal-information\/#primaryimage","url":"https:\/\/www.clotdujay.com\/wp-content\/uploads\/2022\/03\/camping-groupe-detente-massif-des-monges.jpg","contentUrl":"https:\/\/www.clotdujay.com\/wp-content\/uploads\/2022\/03\/camping-groupe-detente-massif-des-monges.jpg","width":1901,"height":650,"caption":"camping groupe detente massif des monges"},{"@type":"BreadcrumbList","@id":"https:\/\/www.clotdujay.com\/en\/legal-information\/#breadcrumb","itemListElement":[{"@type":"ListItem","position":1,"name":"Camping \u00e0 Sisteron","item":"https:\/\/www.clotdujay.com\/en\/"},{"@type":"ListItem","position":2,"name":"Legal information"}]},{"@type":"WebSite","@id":"https:\/\/www.clotdujay.com\/#website","url":"https:\/\/www.clotdujay.com\/","name":"Camping Le Clot du Jay","description":"","publisher":{"@id":"https:\/\/www.clotdujay.com\/#organization"},"potentialAction":[{"@type":"SearchAction","target":{"@type":"EntryPoint","urlTemplate":"https:\/\/www.clotdujay.com\/?s={search_term_string}"},"query-input":{"@type":"PropertyValueSpecification","valueRequired":true,"valueName":"search_term_string"}}],"inLanguage":"en-US"},{"@type":"Organization","@id":"https:\/\/www.clotdujay.com\/#organization","name":"Camping Le Clot du Jay","url":"https:\/\/www.clotdujay.com\/","logo":{"@type":"ImageObject","inLanguage":"en-US","@id":"https:\/\/www.clotdujay.com\/#\/schema\/logo\/image\/","url":"https:\/\/www.clotdujay.com\/wp-content\/uploads\/2022\/03\/camping-clot-du-jay-logo2.png","contentUrl":"https:\/\/www.clotdujay.com\/wp-content\/uploads\/2022\/03\/camping-clot-du-jay-logo2.png","width":521,"height":521,"caption":"Camping Le Clot du Jay"},"image":{"@id":"https:\/\/www.clotdujay.com\/#\/schema\/logo\/image\/"}}]}},"_links":{"self":[{"href":"https:\/\/www.clotdujay.com\/en\/wp-json\/wp\/v2\/pages\/2811","targetHints":{"allow":["GET"]}}],"collection":[{"href":"https:\/\/www.clotdujay.com\/en\/wp-json\/wp\/v2\/pages"}],"about":[{"href":"https:\/\/www.clotdujay.com\/en\/wp-json\/wp\/v2\/types\/page"}],"author":[{"embeddable":true,"href":"https:\/\/www.clotdujay.com\/en\/wp-json\/wp\/v2\/users\/1"}],"replies":[{"embeddable":true,"href":"https:\/\/www.clotdujay.com\/en\/wp-json\/wp\/v2\/comments?post=2811"}],"version-history":[{"count":5,"href":"https:\/\/www.clotdujay.com\/en\/wp-json\/wp\/v2\/pages\/2811\/revisions"}],"predecessor-version":[{"id":3205,"href":"https:\/\/www.clotdujay.com\/en\/wp-json\/wp\/v2\/pages\/2811\/revisions\/3205"}],"wp:featuredmedia":[{"embeddable":true,"href":"https:\/\/www.clotdujay.com\/en\/wp-json\/wp\/v2\/media\/1391"}],"wp:attachment":[{"href":"https:\/\/www.clotdujay.com\/en\/wp-json\/wp\/v2\/media?parent=2811"}],"wp:term":[{"taxonomy":"sujet","embeddable":true,"href":"https:\/\/www.clotdujay.com\/en\/wp-json\/wp\/v2\/sujet?post=2811"}],"curies":[{"name":"wp","href":"https:\/\/api.w.org\/{rel}","templated":true}]}}